{"id":39,"date":"2015-03-13T10:24:52","date_gmt":"2015-03-13T09:24:52","guid":{"rendered":"http:\/\/www.il9marzo.it\/?page_id=39"},"modified":"2015-03-13T10:24:52","modified_gmt":"2015-03-13T09:24:52","slug":"il-ricorso-ai-probiviri","status":"publish","type":"page","link":"https:\/\/www.il9marzo.it\/?page_id=39","title":{"rendered":"Il ricorso ai probiviri"},"content":{"rendered":"<p>&#8211; al collegio confederale dei probiviri della Cisl<\/p>\n<p>&#8211; al segretario generale Cisl, Anna Maria Furlan,<\/p>\n<p>&#8211; al responsabile organi collegiali Cisl, Sergio Migliorini<\/p>\n<p>&#8211; a Luigi Sbarra, commissario Fai-Cisl<\/p>\n<p>&nbsp;<\/p>\n<p><em>Oggetto: impugnazione dispositivo art. 40 Statuto confederale di commissariamento della Fai-Cisl, 31 ottobre 2014<\/em><\/p>\n<p>Io sottoscritto GIOVANNI GRAZIANI, nato (OMISSIS), domiciliato a (OMISSIS), nella veste di presidente del Collegio dei probiviri della FAI-CISL oggetto del provvedimento di commissariamento approvato dal Comitato esecutivo della Cisl il 31 ottobre 2014, impugno il dispositivo di commissariamento di fronte al collegio dei probiviri quale organo &#8220;di garanzia statutaria e di giurisdizione interna&#8221; ex art. 10, comma 1, statuto Cisl.<\/p>\n<p>&nbsp;<\/p>\n<p>L&#8217;impugnazione si fonda sui seguenti motivi<\/p>\n<p>&nbsp;<\/p>\n<ol>\n<li>Il provvedimento considera violazione dello statuto confederale l&#8217;esito di una libera votazione dell&#8217;assemblea congressuale di una federazione della Cisl. Votazione che, in quanto relativa a materia di esclusiva competenza della federazione, non pu\u00f2 costituire mai violazione statutaria, tanto meno grave (per grave che possa essere il contrasto di politica organizzativa che ne segue). Tale motivo \u00e8 talmente assorbente da giustificare in abbondanza la richiesta presentata. Per amore di completezza se ne elencano alcuni altri, tra i molti possibili.<\/li>\n<\/ol>\n<p>&nbsp;<\/p>\n<ol start=\"2\">\n<li>Il provvedimento eccede i poteri conferiti dallo statuto della Cisl al comitato esecutivo. Il commissariamento ha infatti naura eccezionale, e pu\u00f2 essere adottato solo nel rispetto rigoroso delle forme (che sono anche limiti) indicati all&#8217;art. 40, ove si richiede la presenza di &#8220;gravi violazioni dello statuto confederale anche su scelte fondamentali di politica economica e contrattuale&#8221;. Restano escluse le divergenze di politica organizzativa, quali quelle invocate nel dispositivo a seguito del mancato scioglimento della Fai-Cisl per dar vita <em>ex novo<\/em> a una diversa federazione con altra organizzazione. E non basta certo omettere, come fa il dispositivo impugnato (nei &#8220;VISTI&#8221;, lettera a), il passaggio &#8220;anche su scelte fondamentali di politica economica e contrattuale&#8221; per cancellare il vincolo che ne deriva.<\/li>\n<\/ol>\n<p>&nbsp;<\/p>\n<ol start=\"3\">\n<li>L&#8217;impugnato dispositivo, a giustificazione della decisione, indica fra i &#8220;PRESO ATTO&#8221; fatti che sono irrilevanti ai fini di una decisione di commissariamento, perch\u00e9 nessuno di questi rappresenta violazione statutaria. In particolare:<\/li>\n<\/ol>\n<p>3.1 si lamenta che la votazione del congresso della Fai-Cisl contraddice precedenti deliberazioni congressuali della stessa organizzazione. Ma non ha senso, in punto di rispetto dello statuto, affermare che la deliberazione precedente vincola la deliberazione successiva di pari grado (deliberazioni peraltro su documenti diversi in pi\u00f9 punti, per contenuto e\/o per ampiezza; ad esempio sul delicato aspetto della destinazione del patrimonio, v. oltre, punto 7);<\/p>\n<p>3.2 si lamenta che la votazione del congresso della Fai-Cisl contraddice precedenti deliberazioni del Consiglio generale della stessa organizzazione. Affermazione che non ha alcun senso, posto che sono i deliberati congressuali che vincolano quelli di organismi derivati, come il consiglio generale, e non viceversa:<\/p>\n<p>3.3 ancor meno, ove possibile, ha senso citare la circostanza che lo scioglimento della Fai respinto dal congresso era stato oggetto di delibere di organismi di altra federazione, per ragioni che non merita neppure di illustrare al collegio.<\/p>\n<p>3.4. neppure ha senso invocare il mancato rispetto di decisioni del congresso della Cisl, posto che lo scioglimento di un&#8217;associazione dotata di autonomia statutaria, quale \u00e8 certamente la Fai-Cisl, \u00e8 di competenza esclusiva dei delegati al congresso quali rappresentanti diretti degli iscritti alla stessa Fai. Altro \u00e8 infatti riconoscere che il &#8220;Congresso confederale fissa l&#8217;indirizzo generale della confederazione&#8221; (art. 26, comma 1, richiamato dal dispositivo fra i &#8220;VISTI&#8221;), altro \u00e8 confondere il potere di indirizzo generale (che, come tale, vincola nel fine generale da raggiungere, non la decisione specifica) con un potere di imporre lo scioglimento della federazione contro la volont\u00e0 dei suoi soci;<\/p>\n<p>3.5 ulteriormente privo di senso \u00e8 affermare che l&#8217;esito della votazione congressuale impedirebbe di per s\u00e9 l&#8217;accorpamento con altra categoria, posto che ad essere rifiutato \u00e8 un modo fra i molti possibili (e non il pi\u00f9 limpido) per realizzare l&#8217;accorpamento (altri processi analoghi avviati nell&#8217;ambito della Cisl, oggi come in passato, correttamente escludono lo scioglimento delle federazioni aderenti). Ad essere respinto \u00e8 stato, lecitamente ed insindacabilmente, il modo dell&#8217;accorpamento, forse perch\u00e9 giudicato poco rispettoso dell&#8217;identit\u00e0 associativa della Fai-Cisl;<\/p>\n<p>3.6. irrilevante \u00e8 la circostanza (quinto punto del &#8220;PRESO ATTO&#8221;) che la segreteria della Fai-Cisl si sia dimessa; tanto meno se questo richiamo dovesse servire a suffragare l&#8217;affermazione sulla &#8220;sostanziale ingovernabilit\u00e0 della FAI CISL&#8221; evocata nel &#8220;VALUTATA&#8221;. Il commissariamento ha infatti provocato esso un danno alla governabilit\u00e0 della Fai-Cisl, posto che, con la sua fulmineit\u00e0 (72 ore scarse) ha impedito la discussione sulle dimissioni e ogni decisione al riguardo (respingimento, accoglimento, eventuale elezione della nuova segreteria) degli organi compententi nei tempi fisiologicamente consoni ad una sana democrazia associativa.<\/p>\n<p>&nbsp;<\/p>\n<ol start=\"4\">\n<li>Nel &#8220;CONSTATATO&#8221; si definisce la libera e lecita deliberazione dell&#8217;assemblea congressuale della Fai una &#8220;irragionevole violazione delle scelte e delle decisioni assunte dagli organismi confederali e categoriali&#8221;. Ma la sola irragionevolezza \u00e8 tutta in tale affermazione basata su fatti irrilevanti (v. punto 3), posto che, come detto, gli organismi confederali non sono competenti ad imporre la decisione di scioglimento, quelli categoriali della Fai non sono superiori alla volont\u00e0 espressa dal congresso e quelli di altra categoria rilevano nell&#8217;ambito di tale altra categoria e non oltre.<\/li>\n<\/ol>\n<p>&nbsp;<\/p>\n<ol start=\"5\">\n<li>Nel &#8220;CONSIDERATO&#8221; si fa riferimento ad un non meglio specificato &#8220;rilevante danno derivato all&#8217;organizzazione&#8221; (\u00e8 un danno mantenere in vita una federazione con quasi 200.000 iscritti che sottoscrive una ventina di contratti nazionali di lavoro?), e si aggiunge poi &#8220;quanto quello <em>(sic!)<\/em> di garantire e salvaguardare l&#8217;azione organizzativa della FAI nei confronti degli iscritti, delle controparti e delle istituzioni&#8221;. Ora, se non si capisce bene quale danno possa portare il mancato scioglimento della Fai nei rapporti con le controparti e con le istituzioni, il passaggio che fa riferimento agli iscritti alla Fai \u00e8, nella sua paradossalit\u00e0, rivelatore: affermare che la libera determinazione dei delegati al congresso, cio\u00e8 dei rappresentanti diretti degli iscritti, giustifica un commissariamento a tutela degli iscritti alla Fai \u00e8 affermazione talmente contraddittoria da autoconfutarsi.<\/li>\n<\/ol>\n<p>&nbsp;<\/p>\n<ol start=\"6\">\n<li>Per poter essere giustificabile, un commissariamento come conseguenza di un voto congressuale dovrebbe fondarsi su di un rapporto fra confederazione e le federazioni aderenti regolato non dai principi di autonomia e di pluralismo propri della concezione della Cisl, bens\u00ec su un qualche principio analogo a quello descritto dall&#8217;art. 3 della costituzione dell&#8217;Urss del 1977, che prevedeva l&#8217;elettivit\u00e0 dal basso di tutti gli oganismi costituzionali, bilanciata dalla obbligatoriet\u00e0 delle decisioni degli organi superiori per quelli inferiori (c.d. &#8220;centralismo democratico&#8221;; v. Paolo Biscaretti di Ruff\u00eca, <em>Introduzione al diritto costituzionale comparato<\/em>, Milano, Giuffr\u00e9, 1988; pp. 406-407 e 409).<\/li>\n<\/ol>\n<p>&nbsp;<\/p>\n<ol start=\"7\">\n<li>In punto di fatto, il dispositivo impugnato d\u00e0 una rappresentazione parziale e, in tal senso, non veritiera degli esiti dell&#8217;assemblea congressuale della Fai-Cisl. Ad esempio, la mozione messa in votazione non riguardava solo lo scioglimento della Fai, ma, fra tante altre cose, anche la nomina dei commissari liquidatori (v. all. 2). Il suo respingimento non \u00e8 quindi interpretabile solo ed esclusivamente come un no a qualsiasi ipotesi di accorpamento con altra categoria, ma (almeno) anche come un rifiuto di accedere all&#8217;accorpamento nei modi proposti ed alla nomina dei commissari liquidatori nelle persone di Augusto Cianfoni e Fabrizio Scat\u00e0. Passaggio quest&#8217;ultimo che (al netto delle osservazioni dei punti precedenti, cui non si rinuncia), non era stato oggetto di alcun pronunciamento della Cisl, della Fai o di altra categoria a qualsiasi livello.<\/li>\n<\/ol>\n<p>&nbsp;<\/p>\n<ol start=\"8\">\n<li>Quanto alla competenza del collegio a decidere sul ricorso, nessuno ostacolo pu\u00f2 venire dall&#8217;avvenuta ratifica di legittimit\u00e0 ex art. 40 ult. comma statuto Cisl. Tale ratifica \u00e8 infatti limitata alla mera legittimit\u00e0 formale, \u00e8 frutto di una valutazione sommaria (come conferma l&#8217;estrema brevit\u00e0 del termine), esclude il contraddittorio e non mette necessariamente capo ad una decisione motivata, posto che allo spirare del termine senza decisione il provvedimento si ha comunque per ratificato. Mentre il presente ricorso mira ad ottenere una decisione favorevole, fondata su circostante di fatto e di diritto da accertare in contraddittorio, e formalizzata in un provvedimento motivato.<\/li>\n<\/ol>\n<p>&nbsp;<\/p>\n<p>Per questi motivi, chiedo che il collegio dei probiviri della Cisl dichiari l&#8217;illegittimit\u00e0 statutaria dell&#8217;impugnato dispositivo di commissariamento della Fai-Cisl adottato dal Comitato esecutivo il 31 ottobre 2014.<\/p>\n<p>Chiedo inoltre di poter prendere visione ed estrarre copia della documentazione trasmessa al collegio dei probiviri della Cisl ai fini della ratifica di legittimit\u00e0 prevista dal quarto comma dell&#8217;articolo 40 delle statuto della Cisl, e delle relative deliberazioni (eventualmente) assunte dal collegio, al fine di valutare l&#8217;esistenza di altri profili di illegittimit\u00e0.<\/p>\n<p>Mi riservo di presentare altri motivi di impugnazione e di indicare testimoni dopo aver preso visione della documentazione richiesta.<\/p>\n<p>&nbsp;<\/p>\n<p>Mi sia consentita infine una considerazione personale. Ho dedicato alla Cisl ed al suo studio una parte della mia vita; ho scritto un libro, che ha avuto accoglienza abbastanza buona fra gli storici e fra gli studiosi di diritto, sulla concezione della libert\u00e0 sindacale secondo la Cisl nella vicenda dello statuto dei lavoratori (fino ad allora inesplorata da questo punto di vista); sono stato invitato a parlare della Cisl e della sua idea di libert\u00e0, in occasioni formative, da federazioni ed unioni regionali e territoriali. In tutte queste occasioni, sulle orme di maestri fra i quali ricordo almeno il professor Mario Grandi, ho parlato della Cisl come organizzazione fondata sul principio di libert\u00e0, non solo nei rapporti esterni ma anche in quelli interni; ho insegnato, ricevendo applausi e consensi, che la Cisl non \u00e8 un&#8217;organizzazione &#8220;generale&#8221; come la Cgil e la Confindustria, proprio perch\u00e9 la sua confederalit\u00e0 si fonda sulla libert\u00e0 dell&#8217;iscritto, che trasmette il potere di rappresentanza al centro solo passando per i suoi livelli organizzativi, a cominciare dalle federazioni. Le quali, per questo, non sono dipartimenti da aprire e chiudere a piacimento, neppure con delibere e mozioni del congresso della Cisl. Ma se l&#8217;impugnato provvedimento di commissariamento della Fai-Cisl dovesse essere considerato legittimo dovrei rifare il giro d&#8217;Italia e chiedere scusa a tutti per aver raccontato favole; perch\u00e9 ci\u00f2 vorrebbe dire che la Cisl di cui vado parlando da un quarto di secolo non esiste. Forse non \u00e8 mai esistita. Comunque non esiste pi\u00f9.<\/p>\n<p>Si allegano 1) copia del dispositivo impugnato; 2) copia della lettera col programma del congresso Fai-Cisl.<\/p>\n<p>Roma, 1 dicembre 2014<\/p>\n<p>Giovanni Graziani<\/p>\n<p>&nbsp;<\/p>\n","protected":false},"excerpt":{"rendered":"<p>&#8211; al collegio confederale dei probiviri della Cisl &#8211; al segretario generale Cisl, Anna Maria Furlan, &#8211; al responsabile organi collegiali Cisl, Sergio Migliorini &#8211; a Luigi Sbarra, commissario Fai-Cisl &nbsp; Oggetto: impugnazione dispositivo art. 40 Statuto confederale di commissariamento della Fai-Cisl, 31 ottobre 2014 Io sottoscritto GIOVANNI GRAZIANI, nato (OMISSIS), domiciliato a (OMISSIS), nella&hellip;<\/p>\n","protected":false},"author":1,"featured_media":38,"parent":0,"menu_order":0,"comment_status":"open","ping_status":"open","template":"","meta":{"footnotes":""},"class_list":["post-39","page","type-page","status-publish","has-post-thumbnail","hentry","entry"],"_links":{"self":[{"href":"https:\/\/www.il9marzo.it\/index.php?rest_route=\/wp\/v2\/pages\/39","targetHints":{"allow":["GET"]}}],"collection":[{"href":"https:\/\/www.il9marzo.it\/index.php?rest_route=\/wp\/v2\/pages"}],"about":[{"href":"https:\/\/www.il9marzo.it\/index.php?rest_route=\/wp\/v2\/types\/page"}],"author":[{"embeddable":true,"href":"https:\/\/www.il9marzo.it\/index.php?rest_route=\/wp\/v2\/users\/1"}],"replies":[{"embeddable":true,"href":"https:\/\/www.il9marzo.it\/index.php?rest_route=%2Fwp%2Fv2%2Fcomments&post=39"}],"version-history":[{"count":0,"href":"https:\/\/www.il9marzo.it\/index.php?rest_route=\/wp\/v2\/pages\/39\/revisions"}],"wp:featuredmedia":[{"embeddable":true,"href":"https:\/\/www.il9marzo.it\/index.php?rest_route=\/wp\/v2\/media\/38"}],"wp:attachment":[{"href":"https:\/\/www.il9marzo.it\/index.php?rest_route=%2Fwp%2Fv2%2Fmedia&parent=39"}],"curies":[{"name":"wp","href":"https:\/\/api.w.org\/{rel}","templated":true}]}}